{"id":1579,"date":"2020-01-09T04:10:53","date_gmt":"2020-01-09T04:10:53","guid":{"rendered":"http:\/\/wpdemo.archiwp.com\/engitech\/?page_id=1579"},"modified":"2024-06-18T10:29:25","modified_gmt":"2024-06-18T13:29:25","slug":"sobre","status":"publish","type":"page","link":"https:\/\/sydy.com.br\/index.php\/sobre\/","title":{"rendered":"Sobre a Sydy"},"content":{"rendered":"\t\t<div data-elementor-type=\"wp-page\" data-elementor-id=\"1579\" class=\"elementor elementor-1579\">\n\t\t\t\t\t\t<section class=\"elementor-section elementor-top-section elementor-element elementor-element-7f3cbd8 elementor-section-content-middle ot-traditional elementor-section-boxed elementor-section-height-default elementor-section-height-default\" data-id=\"7f3cbd8\" data-element_type=\"section\" data-settings=\"{&quot;background_background&quot;:&quot;classic&quot;}\">\n\t\t\t\t\t\t<div class=\"elementor-container elementor-column-gap-extended\">\n\t\t\t\t\t<div class=\"elementor-column elementor-col-100 elementor-top-column elementor-element elementor-element-9fc2569 ot-flex-column-vertical\" data-id=\"9fc2569\" data-element_type=\"column\">\n\t\t\t<div class=\"elementor-widget-wrap elementor-element-populated\">\n\t\t\t\t\t\t<div class=\"elementor-element elementor-element-925ee15 elementor-widget elementor-widget-iheading\" data-id=\"925ee15\" data-element_type=\"widget\" data-widget_type=\"iheading.default\">\n\t\t\t\t<div class=\"elementor-widget-container\">\n\t\t\t\t\t<div class=\"ot-heading\">\r\n\t        \t            <span>\/\/ SOBRE A SYDY<\/span>\r\n\t        <h2 class=\"main-heading\">Impulsionando Inova\u00e7\u00e3o: Proporcionando acessos<\/h2>\t    <\/div>\r\n\t    \t\t<\/div>\n\t\t\t\t<\/div>\n\t\t\t\t<div class=\"elementor-element elementor-element-c063ec4 elementor-widget elementor-widget-image\" data-id=\"c063ec4\" data-element_type=\"widget\" data-widget_type=\"image.default\">\n\t\t\t\t<div class=\"elementor-widget-container\">\n\t\t\t<style>\/*! elementor - v3.20.0 - 13-03-2024 *\/\n.elementor-widget-image{text-align:center}.elementor-widget-image a{display:inline-block}.elementor-widget-image a img[src$=\".svg\"]{width:48px}.elementor-widget-image img{vertical-align:middle;display:inline-block}<\/style>\t\t\t\t\t\t\t\t\t\t<img fetchpriority=\"high\" decoding=\"async\" width=\"2560\" height=\"1707\" src=\"https:\/\/sydy.com.br\/wp-content\/uploads\/2024\/05\/retratosdeleticias19-scaled.jpg\" class=\"attachment-full size-full wp-image-5128\" alt=\"\" srcset=\"https:\/\/sydy.com.br\/wp-content\/uploads\/2024\/05\/retratosdeleticias19-scaled.jpg 2560w, https:\/\/sydy.com.br\/wp-content\/uploads\/2024\/05\/retratosdeleticias19-300x200.jpg 300w, https:\/\/sydy.com.br\/wp-content\/uploads\/2024\/05\/retratosdeleticias19-1024x683.jpg 1024w, https:\/\/sydy.com.br\/wp-content\/uploads\/2024\/05\/retratosdeleticias19-768x512.jpg 768w, https:\/\/sydy.com.br\/wp-content\/uploads\/2024\/05\/retratosdeleticias19-1536x1024.jpg 1536w, https:\/\/sydy.com.br\/wp-content\/uploads\/2024\/05\/retratosdeleticias19-2048x1365.jpg 2048w, https:\/\/sydy.com.br\/wp-content\/uploads\/2024\/05\/retratosdeleticias19-720x480.jpg 720w\" sizes=\"(max-width: 2560px) 100vw, 2560px\" \/>\t\t\t\t\t\t\t\t\t\t\t\t\t<\/div>\n\t\t\t\t<\/div>\n\t\t\t\t<div class=\"elementor-element elementor-element-5f326aa elementor-widget elementor-widget-text-editor\" data-id=\"5f326aa\" data-element_type=\"widget\" data-widget_type=\"text-editor.default\">\n\t\t\t\t<div class=\"elementor-widget-container\">\n\t\t\t<style>\/*! elementor - v3.20.0 - 13-03-2024 *\/\n.elementor-widget-text-editor.elementor-drop-cap-view-stacked .elementor-drop-cap{background-color:#69727d;color:#fff}.elementor-widget-text-editor.elementor-drop-cap-view-framed .elementor-drop-cap{color:#69727d;border:3px solid;background-color:transparent}.elementor-widget-text-editor:not(.elementor-drop-cap-view-default) .elementor-drop-cap{margin-top:8px}.elementor-widget-text-editor:not(.elementor-drop-cap-view-default) .elementor-drop-cap-letter{width:1em;height:1em}.elementor-widget-text-editor .elementor-drop-cap{float:left;text-align:center;line-height:1;font-size:50px}.elementor-widget-text-editor .elementor-drop-cap-letter{display:inline-block}<\/style>\t\t\t\t<p>Fundada em 2015, a Sydy vem transformando a maneira como empresas utilizam solu\u00e7\u00f5es digitais. Com mais de 8 anos de atua\u00e7\u00e3o no mercado, nosso foco sempre foi al\u00e9m do simples desenvolvimento de tecnologia. Somos especialistas em criar aplicativos m\u00f3veis, aplica\u00e7\u00f5es web e solu\u00e7\u00f5es em Power BI que n\u00e3o s\u00f3 atendem \u00e0s necessidades t\u00e9cnicas, mas tamb\u00e9m se harmonizam perfeitamente com os processos, prazos e or\u00e7amentos de nossos clientes.<\/p>\n<p>Na Sydy, adotamos um modelo de trabalho colaborativo que tem provado ser o mais eficaz. Acreditamos que uma verdadeira parceria com nossos clientes \u00e9 a chave para o sucesso. Por isso, integramos nossas habilidades t\u00e9cnicas ao conhecimento profundo que cada cliente possui de seu pr\u00f3prio neg\u00f3cio. Esse entrosamento permite-nos oferecer solu\u00e7\u00f5es que s\u00e3o n\u00e3o apenas funcionais, mas tamb\u00e9m intuitivas e de f\u00e1cil implementa\u00e7\u00e3o.<br \/>Ao longo desses anos, n\u00e3o nos limitamos a apenas fabricar tecnologia; n\u00f3s nos dedicamos a entender e adaptar nossas solu\u00e7\u00f5es ao ambiente de trabalho de cada cliente, garantindo que cada projeto fa\u00e7a sentido econ\u00f4mico, operacional e estrat\u00e9gico. Com essa vis\u00e3o, continuamos a evoluir e a aperfei\u00e7oar nossas capacidades para assegurar que nossos clientes sejam n\u00e3o apenas atendidos, mas verdadeiramente transformados pela tecnologia que proporcionamos.<\/p>\n<p>E assim seguimos em nossa miss\u00e3o, concedendo acessos que movem o mundo.<\/p>\t\t\t\t\t\t<\/div>\n\t\t\t\t<\/div>\n\t\t\t\t\t<\/div>\n\t\t<\/div>\n\t\t\t\t\t<\/div>\n\t\t<\/section>\n\t\t\t\t<\/div>\n\t\t","protected":false},"excerpt":{"rendered":"<p>\/\/ SOBRE A SYDY Impulsionando Inova\u00e7\u00e3o: Proporcionando acessos Fundada em 2015, a Sydy vem transformando a maneira como empresas utilizam solu\u00e7\u00f5es digitais. Com mais de 8 anos de atua\u00e7\u00e3o no mercado, nosso foco sempre foi al\u00e9m do simples desenvolvimento de tecnologia. Somos especialistas em criar aplicativos m\u00f3veis, aplica\u00e7\u00f5es web e solu\u00e7\u00f5es em Power BI que [&hellip;]<\/p>\n","protected":false},"author":1,"featured_media":0,"parent":0,"menu_order":0,"comment_status":"closed","ping_status":"closed","template":"","meta":{"footnotes":""},"_links":{"self":[{"href":"https:\/\/sydy.com.br\/index.php\/wp-json\/wp\/v2\/pages\/1579"}],"collection":[{"href":"https:\/\/sydy.com.br\/index.php\/wp-json\/wp\/v2\/pages"}],"about":[{"href":"https:\/\/sydy.com.br\/index.php\/wp-json\/wp\/v2\/types\/page"}],"author":[{"embeddable":true,"href":"https:\/\/sydy.com.br\/index.php\/wp-json\/wp\/v2\/users\/1"}],"replies":[{"embeddable":true,"href":"https:\/\/sydy.com.br\/index.php\/wp-json\/wp\/v2\/comments?post=1579"}],"version-history":[{"count":14,"href":"https:\/\/sydy.com.br\/index.php\/wp-json\/wp\/v2\/pages\/1579\/revisions"}],"predecessor-version":[{"id":5624,"href":"https:\/\/sydy.com.br\/index.php\/wp-json\/wp\/v2\/pages\/1579\/revisions\/5624"}],"wp:attachment":[{"href":"https:\/\/sydy.com.br\/index.php\/wp-json\/wp\/v2\/media?parent=1579"}],"curies":[{"name":"wp","href":"https:\/\/api.w.org\/{rel}","templated":true}]}}